{"id":746,"date":"2018-08-31T15:42:41","date_gmt":"2018-08-31T18:42:41","guid":{"rendered":"https:\/\/mailin-sgo.infd.edu.ar\/sitio\/profesorado-en-nivel-primario\/"},"modified":"2024-02-23T19:52:15","modified_gmt":"2024-02-23T22:52:15","slug":"profesorado-en-nivel-primario","status":"publish","type":"page","link":"https:\/\/mailin-sgo.infd.edu.ar\/sitio\/profesorado-en-nivel-primario\/","title":{"rendered":"Profesorado de Educaci\u00f3n Secundaria en Lengua y Literatura"},"content":{"rendered":"<p><span style=\"font-family: verdana, geneva; font-size: small;\">El Profesorado de Educaci\u00f3n Secundaria de Lengua y Literatura tiene como objetivo principal formar docentes\u00a0 competentes en el \u00e1rea t\u00e9cnica, con s\u00f3lidos conocimientos pedag\u00f3gicos, atentos a los cambios y transformaciones propios de nuestra tarea cotidiana y comprometidos con la realidad sociocultural de nuestro pa\u00eds, con un perfil abierto a las necesidades de los otros en el mundo que nos toca transitar.<\/span><\/p>\n<p style=\"margin-right: 20px;\"><span style=\"font-family: verdana, geneva; font-size: small;\">Nos preocupa una formaci\u00f3n integral e integrada que se cristaliza a partir de dos ejes vertebradores:\u00a0<\/span><\/p>\n<ul>\n<li>\n<p style=\"margin-right: 20px;\"><span style=\"font-family: verdana, geneva; font-size: small;\">la formaci\u00f3n pedag\u00f3gica que involucra la preparaci\u00f3n en la actividad de la ense\u00f1anza a trav\u00e9s del abordaje de las diferentes metodolog\u00edas que conforman el quehacer \u00e1ulico;\u00a0<\/span><\/p>\n<\/li>\n<li>\n<p style=\"margin-right: 20px;\"><span style=\"font-family: verdana, geneva; font-size: small;\">la formaci\u00f3n en Letras a partir de la cual se\u00a0busca insertar al alumno en el mundo de la literatura y el lenguaje en permanente contacto con otras disciplinas de las Ciencias Sociales y Humanas.<\/span><\/p>\n<\/li>\n<\/ul>\n<p style=\"margin-right: 20px;\"><span style=\"font-family: verdana, geneva; font-size: small;\">En nuestro escenario de acci\u00f3n cada uno de nuestros alumnos son los protagonistas de este trabajo en equipo que llevamos a cabo junto con los\u00a0docentes, y en el cual tenemos como meta en com\u00fan la adquisici\u00f3n de las competencias necesarias para desarrollar con responsabilidad y eficiencia nuestra tarea.<\/span><\/p>\n<p style=\"margin-right: 20px;\"><span style=\"font-family: verdana, geneva; font-size: small;\">Por esta finalidad es que construimos espacios de participaci\u00f3n en los que desarrollamos Proyectos Interdisciplinarios\u00a0con otras Areas y Carreras, Proyectos Comunitarios que permitan a nuestros estudiantes conocer y trabajar en\u00a0 instituciones con distintas realidades socioecon\u00f3micas brindando lo que saben hacer al servicio del que m\u00e1s lo necesita.<\/span><\/p>\n","protected":false},"excerpt":{"rendered":"<p>El Profesorado de Educaci\u00f3n Secundaria de Lengua y Literatura tiene como objetivo principal formar docentes\u00a0 competentes en el \u00e1rea t\u00e9cnica, con s\u00f3lidos conocimientos pedag\u00f3gicos, atentos a los cambios y transformaciones propios de nuestra tarea cotidiana y comprometidos con la realidad sociocultural de nuestro pa\u00eds, con un perfil abierto a las necesidades de los otros en &#8230; <a title=\"Profesorado de Educaci\u00f3n Secundaria en Lengua y Literatura\" class=\"read-more\" href=\"https:\/\/mailin-sgo.infd.edu.ar\/sitio\/profesorado-en-nivel-primario\/\" aria-label=\"More on Profesorado de Educaci\u00f3n Secundaria en Lengua y Literatura\">[+]<\/a><\/p>\n","protected":false},"author":307,"featured_media":0,"parent":0,"menu_order":0,"comment_status":"closed","ping_status":"closed","template":"","meta":[],"acf":[],"_links":{"self":[{"href":"https:\/\/mailin-sgo.infd.edu.ar\/sitio\/wp-json\/wp\/v2\/pages\/746"}],"collection":[{"href":"https:\/\/mailin-sgo.infd.edu.ar\/sitio\/wp-json\/wp\/v2\/pages"}],"about":[{"href":"https:\/\/mailin-sgo.infd.edu.ar\/sitio\/wp-json\/wp\/v2\/types\/page"}],"author":[{"embeddable":true,"href":"https:\/\/mailin-sgo.infd.edu.ar\/sitio\/wp-json\/wp\/v2\/users\/307"}],"replies":[{"embeddable":true,"href":"https:\/\/mailin-sgo.infd.edu.ar\/sitio\/wp-json\/wp\/v2\/comments?post=746"}],"version-history":[{"count":1,"href":"https:\/\/mailin-sgo.infd.edu.ar\/sitio\/wp-json\/wp\/v2\/pages\/746\/revisions"}],"predecessor-version":[{"id":831,"href":"https:\/\/mailin-sgo.infd.edu.ar\/sitio\/wp-json\/wp\/v2\/pages\/746\/revisions\/831"}],"wp:attachment":[{"href":"https:\/\/mailin-sgo.infd.edu.ar\/sitio\/wp-json\/wp\/v2\/media?parent=746"}],"curies":[{"name":"wp","href":"https:\/\/api.w.org\/{rel}","templated":true}]}}