{"id":752,"date":"2018-08-31T15:42:43","date_gmt":"2018-08-31T18:42:43","guid":{"rendered":"https:\/\/mailin-sgo.infd.edu.ar\/sitio\/investigacion\/"},"modified":"2024-11-20T21:23:00","modified_gmt":"2024-11-21T00:23:00","slug":"investigacion","status":"publish","type":"page","link":"https:\/\/mailin-sgo.infd.edu.ar\/sitio\/investigacion\/","title":{"rendered":"Investigaci\u00f3n"},"content":{"rendered":"<p><strong><span style=\"color: #cc6600; font-family: Arial; font-size: medium;\">El contenido de esta p\u00e1gina es s\u00f3lo un ejemplo<\/span><\/strong><\/p>\n<p><span style=\"font-family: Verdana; font-size: small;\">El Instituto est\u00e1 organizando distintas actividades de Investigaci\u00f3n. Las mismas cuentan con la participaci\u00f3n de docentes y especialistas de todas las \u00e1reas.<\/span><\/p>\n<p align=\"justify\"><span style=\"font-family: Verdana; font-size: small;\">Investigadores de distintas instituciones (Institutos Superiores de Formaci\u00f3n Docente, Universidades, Escuelas)\u00a0ejecutaron\u00a0 y ejecutan\u00a0proyectos que apuntan a reflexionar e incidir\u00a0sobre la pr\u00e1ctica docente.<\/span><\/p>\n<p align=\"justify\"><span style=\"font-family: Verdana; font-size: small;\"><strong>Investigaciones disponibles para la consulta:<\/strong><\/span><\/p>\n<ul>\n<li>\n<div align=\"justify\"><span style=\"font-family: Verdana; font-size: small;\">Fern\u00e1ndez, A. Guti\u00e9rrez, J. y otros. <strong>\u00abPensar la historia antigua y medieval. Una propuesta para la escuela media\u00bb.<\/strong><\/span>\u00a0<\/div>\n<\/li>\n<li>\n<div align=\"justify\"><span style=\"font-family: Verdana; font-size: small;\">Alvarez, C. y Prez,\u00a0 J. <strong>\u00abFundamentaci\u00f3n de los derechos humanos desde la \u00e9tica del discurso\u00bb.<\/strong><\/span>\u00a0<\/div>\n<\/li>\n<\/ul>\n\n\n<p><\/p>\n","protected":false},"excerpt":{"rendered":"<p>El contenido de esta p\u00e1gina es s\u00f3lo un ejemplo El Instituto est\u00e1 organizando distintas actividades de Investigaci\u00f3n. Las mismas cuentan con la participaci\u00f3n de docentes y especialistas de todas las \u00e1reas. Investigadores de distintas instituciones (Institutos Superiores de Formaci\u00f3n Docente, Universidades, Escuelas)\u00a0ejecutaron\u00a0 y ejecutan\u00a0proyectos que apuntan a reflexionar e incidir\u00a0sobre la pr\u00e1ctica docente. Investigaciones disponibles &#8230; <a title=\"Investigaci\u00f3n\" class=\"read-more\" href=\"https:\/\/mailin-sgo.infd.edu.ar\/sitio\/investigacion\/\" aria-label=\"More on Investigaci\u00f3n\">[+]<\/a><\/p>\n","protected":false},"author":307,"featured_media":0,"parent":0,"menu_order":0,"comment_status":"closed","ping_status":"closed","template":"","meta":[],"acf":[],"_links":{"self":[{"href":"https:\/\/mailin-sgo.infd.edu.ar\/sitio\/wp-json\/wp\/v2\/pages\/752"}],"collection":[{"href":"https:\/\/mailin-sgo.infd.edu.ar\/sitio\/wp-json\/wp\/v2\/pages"}],"about":[{"href":"https:\/\/mailin-sgo.infd.edu.ar\/sitio\/wp-json\/wp\/v2\/types\/page"}],"author":[{"embeddable":true,"href":"https:\/\/mailin-sgo.infd.edu.ar\/sitio\/wp-json\/wp\/v2\/users\/307"}],"replies":[{"embeddable":true,"href":"https:\/\/mailin-sgo.infd.edu.ar\/sitio\/wp-json\/wp\/v2\/comments?post=752"}],"version-history":[{"count":1,"href":"https:\/\/mailin-sgo.infd.edu.ar\/sitio\/wp-json\/wp\/v2\/pages\/752\/revisions"}],"predecessor-version":[{"id":842,"href":"https:\/\/mailin-sgo.infd.edu.ar\/sitio\/wp-json\/wp\/v2\/pages\/752\/revisions\/842"}],"wp:attachment":[{"href":"https:\/\/mailin-sgo.infd.edu.ar\/sitio\/wp-json\/wp\/v2\/media?parent=752"}],"curies":[{"name":"wp","href":"https:\/\/api.w.org\/{rel}","templated":true}]}}