{"id":768,"date":"2018-08-31T15:42:49","date_gmt":"2018-08-31T18:42:49","guid":{"rendered":"https:\/\/mailin-sgo.infd.edu.ar\/sitio\/datos-institucionales\/"},"modified":"2024-02-23T19:47:19","modified_gmt":"2024-02-23T22:47:19","slug":"datos-institucionales","status":"publish","type":"page","link":"https:\/\/mailin-sgo.infd.edu.ar\/sitio\/datos-institucionales\/","title":{"rendered":"Datos institucionales"},"content":{"rendered":"<blockquote>\n<p style=\"text-align: center;\"><span style=\"text-decoration: underline; color: #000000; font-size: 18pt;\"><span style=\"font-family: verdana;\"><strong>IES Nuestro Se\u00f1or de Mail\u00edn Ll-33<\/strong><\/span><\/span><\/p>\n<ul>\n<li style=\"text-align: left;\"><strong style=\"font-size: 12pt;\">Horarios de Atenci\u00f3n: 17:45 a 22:45<\/strong><\/li>\n<li><strong style=\"font-size: 12pt;\">Direcci\u00f3n: Independencia N\u00ba 1405<\/strong><\/li>\n<li><strong style=\"font-size: 12pt;\">Tel\u00e9fono: 4224340<\/strong><\/li>\n<li><strong style=\"font-size: 12pt;\">e-mail: ifd.mailin@gmail.com<\/strong><\/li>\n<li><strong style=\"font-size: 12pt;\">http:\/\/mailin.sgo.infd.edu.ar<\/strong><\/li>\n<\/ul>\n<\/blockquote>\n","protected":false},"excerpt":{"rendered":"<p>IES Nuestro Se\u00f1or de Mail\u00edn Ll-33 Horarios de Atenci\u00f3n: 17:45 a 22:45 Direcci\u00f3n: Independencia N\u00ba 1405 Tel\u00e9fono: 4224340 e-mail: ifd.mailin@gmail.com http:\/\/mailin.sgo.infd.edu.ar<\/p>\n","protected":false},"author":307,"featured_media":0,"parent":0,"menu_order":0,"comment_status":"closed","ping_status":"closed","template":"","meta":[],"acf":[],"_links":{"self":[{"href":"https:\/\/mailin-sgo.infd.edu.ar\/sitio\/wp-json\/wp\/v2\/pages\/768"}],"collection":[{"href":"https:\/\/mailin-sgo.infd.edu.ar\/sitio\/wp-json\/wp\/v2\/pages"}],"about":[{"href":"https:\/\/mailin-sgo.infd.edu.ar\/sitio\/wp-json\/wp\/v2\/types\/page"}],"author":[{"embeddable":true,"href":"https:\/\/mailin-sgo.infd.edu.ar\/sitio\/wp-json\/wp\/v2\/users\/307"}],"replies":[{"embeddable":true,"href":"https:\/\/mailin-sgo.infd.edu.ar\/sitio\/wp-json\/wp\/v2\/comments?post=768"}],"version-history":[{"count":1,"href":"https:\/\/mailin-sgo.infd.edu.ar\/sitio\/wp-json\/wp\/v2\/pages\/768\/revisions"}],"predecessor-version":[{"id":829,"href":"https:\/\/mailin-sgo.infd.edu.ar\/sitio\/wp-json\/wp\/v2\/pages\/768\/revisions\/829"}],"wp:attachment":[{"href":"https:\/\/mailin-sgo.infd.edu.ar\/sitio\/wp-json\/wp\/v2\/media?parent=768"}],"curies":[{"name":"wp","href":"https:\/\/api.w.org\/{rel}","templated":true}]}}